{"id":21,"date":"2020-12-08T03:53:12","date_gmt":"2020-12-08T03:53:12","guid":{"rendered":"https:\/\/www.gavias-theme.com\/wp\/tolips\/?page_id=21"},"modified":"2022-08-10T16:09:41","modified_gmt":"2022-08-10T16:09:41","slug":"nosotros","status":"publish","type":"page","link":"https:\/\/fernandoreina.com\/inicio\/nosotros\/","title":{"rendered":"Nosotros"},"content":{"rendered":"\t\t<div data-elementor-type=\"wp-page\" data-elementor-id=\"21\" class=\"elementor elementor-21\">\n\t\t\t\t\t\t<section class=\"elementor-section elementor-top-section elementor-element elementor-element-3b40598 elementor-section-boxed elementor-section-height-default elementor-section-height-default row-top\" data-id=\"3b40598\" data-element_type=\"section\" data-settings=\"{&quot;background_background&quot;:&quot;classic&quot;}\">\n\t\t\t\t\t\t<div class=\"elementor-container elementor-column-gap-default\">\n\t\t\t\t\t<div class=\"elementor-column elementor-col-50 elementor-top-column elementor-element elementor-element-2bd6292 column-style-top\" data-id=\"2bd6292\" data-element_type=\"column\">\n\t\t\t<div class=\"elementor-widget-wrap elementor-element-populated\">\n\t\t\t\t\t\t<div class=\"elementor-element elementor-element-f83d2f4 elementor-widget elementor-widget-image\" data-id=\"f83d2f4\" data-element_type=\"widget\" data-widget_type=\"image.default\">\n\t\t\t\t<div class=\"elementor-widget-container\">\n\t\t\t\t\t\t\t\t\t\t\t\t\t\t\t<img fetchpriority=\"high\" decoding=\"async\" width=\"590\" height=\"638\" src=\"https:\/\/fernandoreina.com\/inicio\/wp-content\/uploads\/2022\/06\/Bogota\u03012-590x638-1-590x638.jpeg\" class=\"attachment-full size-full wp-image-523\" alt=\"\" \/>\t\t\t\t\t\t\t\t\t\t\t\t\t\t\t<\/div>\n\t\t\t\t<\/div>\n\t\t\t\t\t<\/div>\n\t\t<\/div>\n\t\t\t\t<div class=\"elementor-column elementor-col-50 elementor-top-column elementor-element elementor-element-75333cc column-style-top\" data-id=\"75333cc\" data-element_type=\"column\">\n\t\t\t<div class=\"elementor-widget-wrap elementor-element-populated\">\n\t\t\t\t\t\t<div class=\"elementor-element elementor-element-e5082b5 elementor-widget elementor-widget-gva-heading-block\" data-id=\"e5082b5\" data-element_type=\"widget\" data-widget_type=\"gva-heading-block.default\">\n\t\t\t\t<div class=\"elementor-widget-container\">\n\t\t\t\t\t<div class=\"gva-element-gva-heading-block gva-element\">   <div class=\"align-left style-1 widget gsc-heading box-align-left  auto-responsive\">\r\n      <div class=\"content-inner\">\r\n         \r\n                  \r\n                     <div class=\"sub-title\"><span>\u00bfQuienes somos?<\/span><\/div>\r\n           \r\n         \r\n                     <h2 class=\"title\">\r\n               <span>Su aliado estrat\u00e9gico para la toma de decisiones confiables<\/span>\r\n                                                         <\/h2>\r\n                  \r\n         \r\n      <\/div>\r\n   <\/div>\r\n<\/div>\t\t\t\t<\/div>\n\t\t\t\t<\/div>\n\t\t\t\t<div class=\"elementor-element elementor-element-84c0296 elementor-widget elementor-widget-gva-heading-block\" data-id=\"84c0296\" data-element_type=\"widget\" data-widget_type=\"gva-heading-block.default\">\n\t\t\t\t<div class=\"elementor-widget-container\">\n\t\t\t\t\t<div class=\"gva-element-gva-heading-block gva-element\">   <div class=\"align-left style-1 widget gsc-heading box-align-left  auto-responsive\">\r\n      <div class=\"content-inner\">\r\n         \r\n                  \r\n           \r\n         \r\n                     <h2 class=\"title\">\r\n               <span>Si requiere:<\/span>\r\n                                                         <\/h2>\r\n                  \r\n         \r\n      <\/div>\r\n   <\/div>\r\n<\/div>\t\t\t\t<\/div>\n\t\t\t\t<\/div>\n\t\t\t\t<div class=\"elementor-element elementor-element-a56aed1 elementor-icon-list--layout-traditional elementor-list-item-link-full_width elementor-widget elementor-widget-icon-list\" data-id=\"a56aed1\" data-element_type=\"widget\" data-widget_type=\"icon-list.default\">\n\t\t\t\t<div class=\"elementor-widget-container\">\n\t\t\t\t\t\t\t<ul class=\"elementor-icon-list-items\">\n\t\t\t\t\t\t\t<li class=\"elementor-icon-list-item\">\n\t\t\t\t\t\t\t\t\t\t\t<span class=\"elementor-icon-list-icon\">\n\t\t\t\t\t\t\t<i aria-hidden=\"true\" class=\"fas fa-check-circle\"><\/i>\t\t\t\t\t\t<\/span>\n\t\t\t\t\t\t\t\t\t\t<span class=\"elementor-icon-list-text\">Vender o rentar una propiedad.<\/span>\n\t\t\t\t\t\t\t\t\t<\/li>\n\t\t\t\t\t\t\t\t<li class=\"elementor-icon-list-item\">\n\t\t\t\t\t\t\t\t\t\t\t<span class=\"elementor-icon-list-icon\">\n\t\t\t\t\t\t\t<i aria-hidden=\"true\" class=\"fas fa-check-circle\"><\/i>\t\t\t\t\t\t<\/span>\n\t\t\t\t\t\t\t\t\t\t<span class=\"elementor-icon-list-text\">Una consultor\u00eda inmobiliaria para la toma de decisiones sobre su patrimonio<\/span>\n\t\t\t\t\t\t\t\t\t<\/li>\n\t\t\t\t\t\t\t\t<li class=\"elementor-icon-list-item\">\n\t\t\t\t\t\t\t\t\t\t\t<span class=\"elementor-icon-list-icon\">\n\t\t\t\t\t\t\t<i aria-hidden=\"true\" class=\"fas fa-check-circle\"><\/i>\t\t\t\t\t\t<\/span>\n\t\t\t\t\t\t\t\t\t\t<span class=\"elementor-icon-list-text\">Valorar su propiedad<\/span>\n\t\t\t\t\t\t\t\t\t<\/li>\n\t\t\t\t\t\t\t\t<li class=\"elementor-icon-list-item\">\n\t\t\t\t\t\t\t\t\t\t\t<span class=\"elementor-icon-list-icon\">\n\t\t\t\t\t\t\t<i aria-hidden=\"true\" class=\"fas fa-check-circle\"><\/i>\t\t\t\t\t\t<\/span>\n\t\t\t\t\t\t\t\t\t\t<span class=\"elementor-icon-list-text\">Valorar la empresa o los activos operacionales para estados financieros.<\/span>\n\t\t\t\t\t\t\t\t\t<\/li>\n\t\t\t\t\t\t<\/ul>\n\t\t\t\t\t\t<\/div>\n\t\t\t\t<\/div>\n\t\t\t\t<div class=\"elementor-element elementor-element-7cb63de elementor-widget elementor-widget-gva-heading-block\" data-id=\"7cb63de\" data-element_type=\"widget\" data-widget_type=\"gva-heading-block.default\">\n\t\t\t\t<div class=\"elementor-widget-container\">\n\t\t\t\t\t<div class=\"gva-element-gva-heading-block gva-element\">   <div class=\"align-left style-1 widget gsc-heading box-align-left  auto-responsive\">\r\n      <div class=\"content-inner\">\r\n         \r\n                  \r\n           \r\n         \r\n                     <h2 class=\"title\">\r\n               <span>Fernando Reina y C\u00eda. ser\u00e1 su principal aliado estrat\u00e9gico.<\/span>\r\n                                                         <\/h2>\r\n                  \r\n         \r\n      <\/div>\r\n   <\/div>\r\n<\/div>\t\t\t\t<\/div>\n\t\t\t\t<\/div>\n\t\t\t\t\t<\/div>\n\t\t<\/div>\n\t\t\t\t\t<\/div>\n\t\t<\/section>\n\t\t\t\t<section class=\"elementor-section elementor-top-section elementor-element elementor-element-0b56290 elementor-section-boxed elementor-section-height-default elementor-section-height-default row-top\" data-id=\"0b56290\" data-element_type=\"section\">\n\t\t\t\t\t\t<div class=\"elementor-container elementor-column-gap-default\">\n\t\t\t\t\t<div class=\"elementor-column elementor-col-50 elementor-top-column elementor-element elementor-element-dd6454d column-style-top\" data-id=\"dd6454d\" data-element_type=\"column\">\n\t\t\t<div class=\"elementor-widget-wrap elementor-element-populated\">\n\t\t\t\t\t\t<div class=\"elementor-element elementor-element-baeca10 elementor-widget elementor-widget-gva-heading-block\" data-id=\"baeca10\" data-element_type=\"widget\" data-widget_type=\"gva-heading-block.default\">\n\t\t\t\t<div class=\"elementor-widget-container\">\n\t\t\t\t\t<div class=\"gva-element-gva-heading-block gva-element\">   <div class=\"align-left style-1 widget gsc-heading box-align-left  auto-responsive\">\r\n      <div class=\"content-inner\">\r\n         \r\n                  \r\n           \r\n         \r\n                     <h2 class=\"title\">\r\n               <span>Fernando Reina y Cia, ser\u00e1 su principal aliado estrat\u00e9gico.<\/span>\r\n                                                         <\/h2>\r\n                  \r\n         \r\n      <\/div>\r\n   <\/div>\r\n<\/div>\t\t\t\t<\/div>\n\t\t\t\t<\/div>\n\t\t\t\t<div class=\"elementor-element elementor-element-8776a2f elementor-widget elementor-widget-text-editor\" data-id=\"8776a2f\" data-element_type=\"widget\" data-widget_type=\"text-editor.default\">\n\t\t\t\t<div class=\"elementor-widget-container\">\n\t\t\t\t\t\t\t\t\t<p>Por m\u00e1s de 85 a\u00f1os hemos administrado cerca de 3.000 propiedades de clientes que prefieren que su patrimonio inmobiliario tenga una administraci\u00f3n y manejo integral. Contamos con proveedores de confianza y facilitamos todas las transacciones comerciales, legales y ejecutivas que implican tener un patrimonio.<\/p><p>Mantenemos un equipo profesional, con el conocimiento adecuado, con capacidad de brindarle una asesor\u00eda confiable en todos los campos que requieran nuestros clientes para la una toma de decisiones que genere un beneficio.<\/p>\t\t\t\t\t\t\t\t<\/div>\n\t\t\t\t<\/div>\n\t\t\t\t\t<\/div>\n\t\t<\/div>\n\t\t\t\t<div class=\"elementor-column elementor-col-50 elementor-top-column elementor-element elementor-element-48fc6d3 column-style-top\" data-id=\"48fc6d3\" data-element_type=\"column\">\n\t\t\t<div class=\"elementor-widget-wrap elementor-element-populated\">\n\t\t\t\t\t\t<div class=\"elementor-element elementor-element-5c95343 elementor-widget elementor-widget-gva-list-number\" data-id=\"5c95343\" data-element_type=\"widget\" data-widget_type=\"gva-list-number.default\">\n\t\t\t\t<div class=\"elementor-widget-container\">\n\t\t\t\t\t<div class=\"gva-element-gva-list-number gva-element\">\r\n<div class=\"gva-list-number style-1\">\r\n   <ul class=\"list-number\">\r\n               <li class=\"list-number-item\">\r\n            <div class=\"content-inner\">\r\n               <div class=\"content-top\">\r\n                  <div class=\"number\">\r\n                     <span>\r\n                     01                      <svg enable-background=\"new 0 0 64 64\" height=\"512\" viewBox=\"0 0 64 64\" width=\"512\" xmlns=\"http:\/\/www.w3.org\/2000\/svg\"><path d=\"m37.379 12.552c-.799-.761-2.066-.731-2.827.069-.762.8-.73 2.066.069 2.828l15.342 14.551h-39.963c-1.104 0-2 .896-2 2s.896 2 2 2h39.899l-15.278 14.552c-.8.762-.831 2.028-.069 2.828.393.412.92.62 1.448.62.496 0 .992-.183 1.379-.552l17.449-16.62c.756-.755 1.172-1.759 1.172-2.828s-.416-2.073-1.207-2.862z\"\/><\/svg>\r\n                     <\/span>\r\n                  <\/div>\r\n                  <h3 class=\"title\">Realizamos comercializaci\u00f3n y administraci\u00f3n inmobiliaria, obteniendo la renta adecuada para su inmueble dentro de las condiciones de mercado.<\/h3>\r\n               <\/div>\r\n                           <\/div>   \r\n         <\/li>\r\n               <li class=\"list-number-item\">\r\n            <div class=\"content-inner\">\r\n               <div class=\"content-top\">\r\n                  <div class=\"number\">\r\n                     <span>\r\n                     02                      <svg enable-background=\"new 0 0 64 64\" height=\"512\" viewBox=\"0 0 64 64\" width=\"512\" xmlns=\"http:\/\/www.w3.org\/2000\/svg\"><path d=\"m37.379 12.552c-.799-.761-2.066-.731-2.827.069-.762.8-.73 2.066.069 2.828l15.342 14.551h-39.963c-1.104 0-2 .896-2 2s.896 2 2 2h39.899l-15.278 14.552c-.8.762-.831 2.028-.069 2.828.393.412.92.62 1.448.62.496 0 .992-.183 1.379-.552l17.449-16.62c.756-.755 1.172-1.759 1.172-2.828s-.416-2.073-1.207-2.862z\"\/><\/svg>\r\n                     <\/span>\r\n                  <\/div>\r\n                  <h3 class=\"title\">Comercializaci\u00f3n y venta de su propiedad, con una estrategia eficiente de mercadeo para una comercializaci\u00f3n m\u00e1s r\u00e1pida dentro del mercado activo.<\/h3>\r\n               <\/div>\r\n                           <\/div>   \r\n         <\/li>\r\n               <li class=\"list-number-item\">\r\n            <div class=\"content-inner\">\r\n               <div class=\"content-top\">\r\n                  <div class=\"number\">\r\n                     <span>\r\n                     03                      <svg enable-background=\"new 0 0 64 64\" height=\"512\" viewBox=\"0 0 64 64\" width=\"512\" xmlns=\"http:\/\/www.w3.org\/2000\/svg\"><path d=\"m37.379 12.552c-.799-.761-2.066-.731-2.827.069-.762.8-.73 2.066.069 2.828l15.342 14.551h-39.963c-1.104 0-2 .896-2 2s.896 2 2 2h39.899l-15.278 14.552c-.8.762-.831 2.028-.069 2.828.393.412.92.62 1.448.62.496 0 .992-.183 1.379-.552l17.449-16.62c.756-.755 1.172-1.759 1.172-2.828s-.416-2.073-1.207-2.862z\"\/><\/svg>\r\n                     <\/span>\r\n                  <\/div>\r\n                  <h3 class=\"title\">Registro fotogr\u00e1fico y videos profesionales con drones para una mejor perspectiva de sus im\u00e1genes conforme a sus necesidades.<\/h3>\r\n               <\/div>\r\n                           <\/div>   \r\n         <\/li>\r\n               <li class=\"list-number-item\">\r\n            <div class=\"content-inner\">\r\n               <div class=\"content-top\">\r\n                  <div class=\"number\">\r\n                     <span>\r\n                     04                      <svg enable-background=\"new 0 0 64 64\" height=\"512\" viewBox=\"0 0 64 64\" width=\"512\" xmlns=\"http:\/\/www.w3.org\/2000\/svg\"><path d=\"m37.379 12.552c-.799-.761-2.066-.731-2.827.069-.762.8-.73 2.066.069 2.828l15.342 14.551h-39.963c-1.104 0-2 .896-2 2s.896 2 2 2h39.899l-15.278 14.552c-.8.762-.831 2.028-.069 2.828.393.412.92.62 1.448.62.496 0 .992-.183 1.379-.552l17.449-16.62c.756-.755 1.172-1.759 1.172-2.828s-.416-2.073-1.207-2.862z\"\/><\/svg>\r\n                     <\/span>\r\n                  <\/div>\r\n                  <h3 class=\"title\">Valoraci\u00f3n de todo tipo de activos, para una toma de decisiones acertadas.<\/h3>\r\n               <\/div>\r\n                           <\/div>   \r\n         <\/li>\r\n         <\/ul>  \r\n    \r\n<\/div>\r\n  <\/div>\t\t\t\t<\/div>\n\t\t\t\t<\/div>\n\t\t\t\t\t<\/div>\n\t\t<\/div>\n\t\t\t\t\t<\/div>\n\t\t<\/section>\n\t\t\t\t<section class=\"elementor-section elementor-top-section elementor-element elementor-element-658dd218 elementor-section-boxed elementor-section-height-default elementor-section-height-default row-top\" data-id=\"658dd218\" data-element_type=\"section\" data-settings=\"{&quot;background_background&quot;:&quot;classic&quot;}\">\n\t\t\t\t\t\t<div class=\"elementor-container elementor-column-gap-default\">\n\t\t\t\t\t<div class=\"elementor-column elementor-col-100 elementor-top-column elementor-element elementor-element-219d42ae column-style-top\" data-id=\"219d42ae\" data-element_type=\"column\">\n\t\t\t<div class=\"elementor-widget-wrap elementor-element-populated\">\n\t\t\t\t\t\t<div class=\"elementor-element elementor-element-3381dc36 elementor-widget elementor-widget-gva-heading-block\" data-id=\"3381dc36\" data-element_type=\"widget\" data-widget_type=\"gva-heading-block.default\">\n\t\t\t\t<div class=\"elementor-widget-container\">\n\t\t\t\t\t<div class=\"gva-element-gva-heading-block gva-element\">   <div class=\"align-center style-3 widget gsc-heading box-align-left arrow-1 auto-responsive\">\r\n      <div class=\"content-inner\">\r\n         \r\n                  \r\n           \r\n         \r\n                     <h2 class=\"title\">\r\n               <span>Estamos listos para prestarte un servicio fotogr\u00e1fico de calidad.<\/span>\r\n               <span class=\"harrow-1\"><\/span>                                          <\/h2>\r\n                  \r\n                     <div class=\"heading-action\">\r\n                       <a href=\"https:\/\/fernandoreina.com\/inicio\/contactanos\/\" class=\"btn-cta btn-theme \">\r\n          <span>Servicio de Dron y fotograf\u00eda <\/span>\r\n        <\/a>\r\n\r\n                                   <\/div>\r\n         \r\n      <\/div>\r\n   <\/div>\r\n<\/div>\t\t\t\t<\/div>\n\t\t\t\t<\/div>\n\t\t\t\t\t<\/div>\n\t\t<\/div>\n\t\t\t\t\t<\/div>\n\t\t<\/section>\n\t\t\t\t<section class=\"elementor-section elementor-top-section elementor-element elementor-element-f2c2a56 elementor-section-boxed elementor-section-height-default elementor-section-height-default row-top\" data-id=\"f2c2a56\" data-element_type=\"section\" data-settings=\"{&quot;background_background&quot;:&quot;classic&quot;}\">\n\t\t\t\t\t\t<div class=\"elementor-container elementor-column-gap-default\">\n\t\t\t\t\t<div class=\"elementor-column elementor-col-100 elementor-top-column elementor-element elementor-element-428e825 column-style-top\" data-id=\"428e825\" data-element_type=\"column\">\n\t\t\t<div class=\"elementor-widget-wrap elementor-element-populated\">\n\t\t\t\t\t\t<div class=\"elementor-element elementor-element-b6c5e40 elementor-widget elementor-widget-gva-heading-block\" data-id=\"b6c5e40\" data-element_type=\"widget\" data-widget_type=\"gva-heading-block.default\">\n\t\t\t\t<div class=\"elementor-widget-container\">\n\t\t\t\t\t<div class=\"gva-element-gva-heading-block gva-element\">   <div class=\"align-center style-1 widget gsc-heading box-align-left  auto-responsive\">\r\n      <div class=\"content-inner\">\r\n         \r\n                  \r\n                     <div class=\"sub-title\"><span>Servicios expertos<\/span><\/div>\r\n           \r\n         \r\n                     <h2 class=\"title\">\r\n               <span>Expande tu informaci\u00f3n<\/span>\r\n                                                         <\/h2>\r\n                  \r\n         \r\n      <\/div>\r\n   <\/div>\r\n<\/div>\t\t\t\t<\/div>\n\t\t\t\t<\/div>\n\t\t\t\t<div class=\"elementor-element elementor-element-bc9156c elementor-widget elementor-widget-gva-icon-box-group\" data-id=\"bc9156c\" data-element_type=\"widget\" data-widget_type=\"gva-icon-box-group.default\">\n\t\t\t\t<div class=\"elementor-widget-container\">\n\t\t\t\t\t<div class=\"gva-element-gva-icon-box-group gva-element\">\r\n<div class=\"gsc-icon-box-group layout-grid small-gutter style-1\">\r\n   <div class=\"lg-block-grid-3 md-block-grid-3 sm-block-grid-2 xs-block-grid-1 xx-block-grid-1\">\r\n               <div class=\"icon-box-item item-columns\">\r\n            \r\n            <div class=\"icon-box-item-content \">\r\n               <div class=\"icon-box-item-inner\">\r\n                  \r\n                                       <div class=\"icon-inner\">\r\n                                                   <span class=\"box-icon\">\r\n                              <i aria-hidden=\"true\" class=\"fas fa-map-marked\"><\/i>                           <\/span>\r\n                                             <\/div>\r\n                  \r\n                                       <h3 class=\"title\">Aval\u00faos<\/h3>\r\n                  \r\n                                          \r\n               <\/div>\r\n                           <\/div>\r\n         <\/div>\r\n               <div class=\"icon-box-item item-columns\">\r\n            \r\n            <div class=\"icon-box-item-content \">\r\n               <div class=\"icon-box-item-inner\">\r\n                  \r\n                                       <div class=\"icon-inner\">\r\n                                                   <span class=\"box-icon\">\r\n                              <i aria-hidden=\"true\" class=\"fas fa-home\"><\/i>                           <\/span>\r\n                                             <\/div>\r\n                  \r\n                                       <h3 class=\"title\">Administraci\u00f3n inmobiliaria<\/h3>\r\n                  \r\n                                          \r\n               <\/div>\r\n                           <\/div>\r\n         <\/div>\r\n               <div class=\"icon-box-item item-columns\">\r\n            \r\n            <div class=\"icon-box-item-content \">\r\n               <div class=\"icon-box-item-inner\">\r\n                  \r\n                                       <div class=\"icon-inner\">\r\n                                                   <span class=\"box-icon\">\r\n                              <i aria-hidden=\"true\" class=\"fas fa-street-view\"><\/i>                           <\/span>\r\n                                             <\/div>\r\n                  \r\n                                       <h3 class=\"title\">Corretaje inmobiliario<\/h3>\r\n                  \r\n                                          \r\n               <\/div>\r\n                           <\/div>\r\n         <\/div>\r\n         <\/div>   \r\n<\/div>\r\n<\/div>\t\t\t\t<\/div>\n\t\t\t\t<\/div>\n\t\t\t\t\t<\/div>\n\t\t<\/div>\n\t\t\t\t\t<\/div>\n\t\t<\/section>\n\t\t\t\t<\/div>\n\t\t","protected":false},"excerpt":{"rendered":"<p>\u00bfQuienes somos? Su aliado estrat\u00e9gico para la toma de decisiones confiables Si requiere: Vender o rentar una propiedad. Una consultor\u00eda inmobiliaria para la toma de decisiones sobre su patrimonio Valorar su propiedad Valorar la empresa o los activos operacionales para estados financieros. Fernando Reina y C\u00eda. ser\u00e1 su principal aliado estrat\u00e9gico. Fernando Reina y Cia, [&hellip;]<\/p>\n","protected":false},"author":1,"featured_media":0,"parent":0,"menu_order":0,"comment_status":"closed","ping_status":"closed","template":"","meta":{"om_disable_all_campaigns":false,"footnotes":""},"class_list":["post-21","page","type-page","status-publish","hentry"],"_links":{"self":[{"href":"https:\/\/fernandoreina.com\/inicio\/wp-json\/wp\/v2\/pages\/21","targetHints":{"allow":["GET"]}}],"collection":[{"href":"https:\/\/fernandoreina.com\/inicio\/wp-json\/wp\/v2\/pages"}],"about":[{"href":"https:\/\/fernandoreina.com\/inicio\/wp-json\/wp\/v2\/types\/page"}],"author":[{"embeddable":true,"href":"https:\/\/fernandoreina.com\/inicio\/wp-json\/wp\/v2\/users\/1"}],"replies":[{"embeddable":true,"href":"https:\/\/fernandoreina.com\/inicio\/wp-json\/wp\/v2\/comments?post=21"}],"version-history":[{"count":28,"href":"https:\/\/fernandoreina.com\/inicio\/wp-json\/wp\/v2\/pages\/21\/revisions"}],"predecessor-version":[{"id":1576,"href":"https:\/\/fernandoreina.com\/inicio\/wp-json\/wp\/v2\/pages\/21\/revisions\/1576"}],"wp:attachment":[{"href":"https:\/\/fernandoreina.com\/inicio\/wp-json\/wp\/v2\/media?parent=21"}],"curies":[{"name":"wp","href":"https:\/\/api.w.org\/{rel}","templated":true}]}}