{"id":637,"date":"2022-06-25T23:31:31","date_gmt":"2022-06-25T23:31:31","guid":{"rendered":"https:\/\/fernandoreina.com\/inicio\/?page_id=637"},"modified":"2023-07-19T16:41:47","modified_gmt":"2023-07-19T16:41:47","slug":"formularios","status":"publish","type":"page","link":"https:\/\/fernandoreina.com\/inicio\/formularios\/","title":{"rendered":"Formularios"},"content":{"rendered":"\t\t<div data-elementor-type=\"wp-page\" data-elementor-id=\"637\" class=\"elementor elementor-637\">\n\t\t\t\t\t\t<section class=\"elementor-section elementor-top-section elementor-element elementor-element-3b40598 elementor-section-boxed elementor-section-height-default elementor-section-height-default row-top\" data-id=\"3b40598\" data-element_type=\"section\" data-settings=\"{&quot;background_background&quot;:&quot;classic&quot;}\">\n\t\t\t\t\t\t<div class=\"elementor-container elementor-column-gap-default\">\n\t\t\t\t\t<div class=\"elementor-column elementor-col-100 elementor-top-column elementor-element elementor-element-75333cc column-style-top\" data-id=\"75333cc\" data-element_type=\"column\">\n\t\t\t<div class=\"elementor-widget-wrap elementor-element-populated\">\n\t\t\t\t\t\t<div class=\"elementor-element elementor-element-e5082b5 elementor-widget elementor-widget-gva-heading-block\" data-id=\"e5082b5\" data-element_type=\"widget\" data-widget_type=\"gva-heading-block.default\">\n\t\t\t\t<div class=\"elementor-widget-container\">\n\t\t\t\t\t<div class=\"gva-element-gva-heading-block gva-element\">   <div class=\"align-center style-1 widget gsc-heading box-align-left  auto-responsive\">\r\n      <div class=\"content-inner\">\r\n         \r\n                  \r\n                     <div class=\"sub-title\"><span>Arriende con nosotros<\/span><\/div>\r\n           \r\n         \r\n                     <h2 class=\"title\">\r\n               <span>Formularios<\/span>\r\n                                                         <\/h2>\r\n                              <div class=\"title-desc\">Elija el formulario para diligenciar.  Le apoyaremos en todo el proceso. Contamos con el apoyo de la aseguradora Zurich.<\/div>\r\n         \r\n         \r\n      <\/div>\r\n   <\/div>\r\n<\/div>\t\t\t\t<\/div>\n\t\t\t\t<\/div>\n\t\t\t\t<section class=\"elementor-section elementor-inner-section elementor-element elementor-element-00cf17b elementor-section-boxed elementor-section-height-default elementor-section-height-default row-top\" data-id=\"00cf17b\" data-element_type=\"section\">\n\t\t\t\t\t\t<div class=\"elementor-container elementor-column-gap-default\">\n\t\t\t\t\t<div class=\"elementor-column elementor-col-50 elementor-inner-column elementor-element elementor-element-6012a56 column-style-top\" data-id=\"6012a56\" data-element_type=\"column\">\n\t\t\t<div class=\"elementor-widget-wrap elementor-element-populated\">\n\t\t\t\t\t\t<div class=\"elementor-element elementor-element-695001e elementor-view-stacked elementor-shape-circle elementor-position-top elementor-mobile-position-top elementor-widget elementor-widget-icon-box\" data-id=\"695001e\" data-element_type=\"widget\" data-widget_type=\"icon-box.default\">\n\t\t\t\t<div class=\"elementor-widget-container\">\n\t\t\t\t\t\t\t<div class=\"elementor-icon-box-wrapper\">\n\n\t\t\t\t\t\t<div class=\"elementor-icon-box-icon\">\n\t\t\t\t<a href=\"https:\/\/fernandoreina.com\/inicio\/wp-content\/uploads\/2022\/06\/Solicitud-Arrendamiento-Personas-natural-Zurich.pdf\" target=\"_blank\" class=\"elementor-icon\" tabindex=\"-1\" aria-label=\"Formulario persona Natural\">\n\t\t\t\t<i aria-hidden=\"true\" class=\"fi flaticon-agent\"><\/i>\t\t\t\t<\/a>\n\t\t\t<\/div>\n\t\t\t\n\t\t\t\t\t\t<div class=\"elementor-icon-box-content\">\n\n\t\t\t\t\t\t\t\t\t<h3 class=\"elementor-icon-box-title\">\n\t\t\t\t\t\t<a href=\"https:\/\/fernandoreina.com\/inicio\/wp-content\/uploads\/2022\/06\/Solicitud-Arrendamiento-Personas-natural-Zurich.pdf\" target=\"_blank\" >\n\t\t\t\t\t\t\tFormulario persona Natural\t\t\t\t\t\t<\/a>\n\t\t\t\t\t<\/h3>\n\t\t\t\t\n\t\t\t\t\n\t\t\t<\/div>\n\t\t\t\n\t\t<\/div>\n\t\t\t\t\t\t<\/div>\n\t\t\t\t<\/div>\n\t\t\t\t\t<\/div>\n\t\t<\/div>\n\t\t\t\t<div class=\"elementor-column elementor-col-50 elementor-inner-column elementor-element elementor-element-182718f column-style-top\" data-id=\"182718f\" data-element_type=\"column\">\n\t\t\t<div class=\"elementor-widget-wrap elementor-element-populated\">\n\t\t\t\t\t\t<div class=\"elementor-element elementor-element-66cea63 elementor-view-stacked elementor-shape-circle elementor-position-top elementor-mobile-position-top elementor-widget elementor-widget-icon-box\" data-id=\"66cea63\" data-element_type=\"widget\" data-widget_type=\"icon-box.default\">\n\t\t\t\t<div class=\"elementor-widget-container\">\n\t\t\t\t\t\t\t<div class=\"elementor-icon-box-wrapper\">\n\n\t\t\t\t\t\t<div class=\"elementor-icon-box-icon\">\n\t\t\t\t<a href=\"https:\/\/fernandoreina.com\/inicio\/wp-content\/uploads\/2022\/06\/Solicitud-Arrendamiento-Personas-Juridicas-Zurich.pdf\" target=\"_blank\" class=\"elementor-icon\" tabindex=\"-1\" aria-label=\"Formulario persona Jur\u00eddica\">\n\t\t\t\t<i aria-hidden=\"true\" class=\"fi flaticon-assets\"><\/i>\t\t\t\t<\/a>\n\t\t\t<\/div>\n\t\t\t\n\t\t\t\t\t\t<div class=\"elementor-icon-box-content\">\n\n\t\t\t\t\t\t\t\t\t<h3 class=\"elementor-icon-box-title\">\n\t\t\t\t\t\t<a href=\"https:\/\/fernandoreina.com\/inicio\/wp-content\/uploads\/2022\/06\/Solicitud-Arrendamiento-Personas-Juridicas-Zurich.pdf\" target=\"_blank\" >\n\t\t\t\t\t\t\tFormulario persona Jur\u00eddica\t\t\t\t\t\t<\/a>\n\t\t\t\t\t<\/h3>\n\t\t\t\t\n\t\t\t\t\n\t\t\t<\/div>\n\t\t\t\n\t\t<\/div>\n\t\t\t\t\t\t<\/div>\n\t\t\t\t<\/div>\n\t\t\t\t\t<\/div>\n\t\t<\/div>\n\t\t\t\t\t<\/div>\n\t\t<\/section>\n\t\t\t\t\t<\/div>\n\t\t<\/div>\n\t\t\t\t\t<\/div>\n\t\t<\/section>\n\t\t\t\t<section class=\"elementor-section elementor-top-section elementor-element elementor-element-658dd218 elementor-section-boxed elementor-section-height-default elementor-section-height-default row-top\" data-id=\"658dd218\" data-element_type=\"section\" data-settings=\"{&quot;background_background&quot;:&quot;classic&quot;}\">\n\t\t\t\t\t\t<div class=\"elementor-container elementor-column-gap-default\">\n\t\t\t\t\t<div class=\"elementor-column elementor-col-100 elementor-top-column elementor-element elementor-element-219d42ae column-style-top\" data-id=\"219d42ae\" data-element_type=\"column\">\n\t\t\t<div class=\"elementor-widget-wrap elementor-element-populated\">\n\t\t\t\t\t\t<div class=\"elementor-element elementor-element-3381dc36 elementor-widget elementor-widget-gva-heading-block\" data-id=\"3381dc36\" data-element_type=\"widget\" data-widget_type=\"gva-heading-block.default\">\n\t\t\t\t<div class=\"elementor-widget-container\">\n\t\t\t\t\t<div class=\"gva-element-gva-heading-block gva-element\">   <div class=\"align-center style-3 widget gsc-heading box-align-left arrow-1 auto-responsive\">\r\n      <div class=\"content-inner\">\r\n         \r\n                  \r\n           \r\n         \r\n                     <h2 class=\"title\">\r\n               <span>Realizamos comercializaci\u00f3n y administraci\u00f3n inmobiliaria.<\/span>\r\n               <span class=\"harrow-1\"><\/span>                                          <\/h2>\r\n                  \r\n                     <div class=\"heading-action\">\r\n                       <a href=\"https:\/\/www.gavias-theme.com\/wp\/tolips\/townhomes\/\" class=\"btn-cta btn-theme \">\r\n          <span>Comun\u00edcate con nosotros<\/span>\r\n        <\/a>\r\n\r\n                                   <\/div>\r\n         \r\n      <\/div>\r\n   <\/div>\r\n<\/div>\t\t\t\t<\/div>\n\t\t\t\t<\/div>\n\t\t\t\t\t<\/div>\n\t\t<\/div>\n\t\t\t\t\t<\/div>\n\t\t<\/section>\n\t\t\t\t<\/div>\n\t\t","protected":false},"excerpt":{"rendered":"<p>Arriende con nosotros Formularios Elija el formulario para diligenciar. Le apoyaremos en todo el proceso. Contamos con el apoyo de la aseguradora Zurich. Formulario persona Natural \u00a0 Formulario persona Jur\u00eddica Realizamos comercializaci\u00f3n y administraci\u00f3n inmobiliaria. Comun\u00edcate con nosotros<\/p>\n","protected":false},"author":1,"featured_media":0,"parent":0,"menu_order":0,"comment_status":"closed","ping_status":"closed","template":"","meta":{"om_disable_all_campaigns":false,"footnotes":""},"class_list":["post-637","page","type-page","status-publish","hentry"],"_links":{"self":[{"href":"https:\/\/fernandoreina.com\/inicio\/wp-json\/wp\/v2\/pages\/637","targetHints":{"allow":["GET"]}}],"collection":[{"href":"https:\/\/fernandoreina.com\/inicio\/wp-json\/wp\/v2\/pages"}],"about":[{"href":"https:\/\/fernandoreina.com\/inicio\/wp-json\/wp\/v2\/types\/page"}],"author":[{"embeddable":true,"href":"https:\/\/fernandoreina.com\/inicio\/wp-json\/wp\/v2\/users\/1"}],"replies":[{"embeddable":true,"href":"https:\/\/fernandoreina.com\/inicio\/wp-json\/wp\/v2\/comments?post=637"}],"version-history":[{"count":17,"href":"https:\/\/fernandoreina.com\/inicio\/wp-json\/wp\/v2\/pages\/637\/revisions"}],"predecessor-version":[{"id":1780,"href":"https:\/\/fernandoreina.com\/inicio\/wp-json\/wp\/v2\/pages\/637\/revisions\/1780"}],"wp:attachment":[{"href":"https:\/\/fernandoreina.com\/inicio\/wp-json\/wp\/v2\/media?parent=637"}],"curies":[{"name":"wp","href":"https:\/\/api.w.org\/{rel}","templated":true}]}}